{"id":19,"date":"2021-12-28T14:44:31","date_gmt":"2021-12-28T13:44:31","guid":{"rendered":"http:\/\/www.nutcats.fr\/?page_id=19"},"modified":"2022-03-04T13:36:02","modified_gmt":"2022-03-04T12:36:02","slug":"a-propos-de","status":"publish","type":"page","link":"https:\/\/www.nutcats.fr\/","title":{"rendered":"ACCUEIL"},"content":{"rendered":"\t\t<div data-elementor-type=\"wp-page\" data-elementor-id=\"19\" class=\"elementor elementor-19\">\n\t\t\t\t\t\t\t\t\t<section class=\"elementor-section elementor-top-section elementor-element elementor-element-f8ff013 elementor-section-boxed elementor-section-height-default elementor-section-height-default\" data-id=\"f8ff013\" data-element_type=\"section\">\n\t\t\t\t\t\t<div class=\"elementor-container elementor-column-gap-default\">\n\t\t\t\t\t<div class=\"elementor-column elementor-col-100 elementor-top-column elementor-element elementor-element-3e54628\" data-id=\"3e54628\" data-element_type=\"column\">\n\t\t\t<div class=\"elementor-widget-wrap elementor-element-populated\">\n\t\t\t\t\t\t\t\t<div class=\"elementor-element elementor-element-688d7f5 elementor-widget elementor-widget-image\" data-id=\"688d7f5\" data-element_type=\"widget\" data-widget_type=\"image.default\">\n\t\t\t\t<div class=\"elementor-widget-container\">\n\t\t\t<style>\/*! elementor - v3.11.5 - 14-03-2023 *\/\n.elementor-widget-image{text-align:center}.elementor-widget-image a{display:inline-block}.elementor-widget-image a img[src$=\".svg\"]{width:48px}.elementor-widget-image img{vertical-align:middle;display:inline-block}<\/style>\t\t\t\t\t\t\t\t\t\t\t\t<img width=\"8302\" height=\"2254\" src=\"https:\/\/www.nutcats.fr\/wp-content\/uploads\/2021\/12\/banniere-en-couleur.png\" class=\"attachment-full size-full wp-image-262\" alt=\"\" loading=\"lazy\" srcset=\"https:\/\/www.nutcats.fr\/wp-content\/uploads\/2021\/12\/banniere-en-couleur.png 8302w, https:\/\/www.nutcats.fr\/wp-content\/uploads\/2021\/12\/banniere-en-couleur-300x81.png 300w, https:\/\/www.nutcats.fr\/wp-content\/uploads\/2021\/12\/banniere-en-couleur-1024x278.png 1024w, https:\/\/www.nutcats.fr\/wp-content\/uploads\/2021\/12\/banniere-en-couleur-768x209.png 768w, https:\/\/www.nutcats.fr\/wp-content\/uploads\/2021\/12\/banniere-en-couleur-1536x417.png 1536w, https:\/\/www.nutcats.fr\/wp-content\/uploads\/2021\/12\/banniere-en-couleur-2048x556.png 2048w\" sizes=\"(max-width: 8302px) 100vw, 8302px\" \/>\t\t\t\t\t\t\t\t\t\t\t\t\t\t\t<\/div>\n\t\t\t\t<\/div>\n\t\t\t\t\t<\/div>\n\t\t<\/div>\n\t\t\t\t\t\t\t<\/div>\n\t\t<\/section>\n\t\t\t\t<section class=\"elementor-section elementor-top-section elementor-element elementor-element-51af15a elementor-section-boxed elementor-section-height-default elementor-section-height-default\" data-id=\"51af15a\" data-element_type=\"section\">\n\t\t\t\t\t\t<div class=\"elementor-container elementor-column-gap-default\">\n\t\t\t\t\t<div class=\"elementor-column elementor-col-100 elementor-top-column elementor-element elementor-element-89de0ad\" data-id=\"89de0ad\" data-element_type=\"column\">\n\t\t\t<div class=\"elementor-widget-wrap elementor-element-populated\">\n\t\t\t\t\t\t\t\t<div class=\"elementor-element elementor-element-6f684b0 elementor-widget elementor-widget-wp-widget-media_audio\" data-id=\"6f684b0\" data-element_type=\"widget\" data-widget_type=\"wp-widget-media_audio.default\">\n\t\t\t\t<div class=\"elementor-widget-container\">\n\t\t\t<!--[if lt IE 9]><script>document.createElement('audio');<\/script><![endif]-->\n<audio class=\"wp-audio-shortcode\" id=\"audio-19-1\" preload=\"none\" style=\"width: 100%;\" controls=\"controls\"><source type=\"audio\/mpeg\" src=\"https:\/\/www.nutcats.fr\/wp-content\/uploads\/2021\/12\/MEDLEY-NUTCATS.mp3?_=1\" \/><source type=\"audio\/mpeg\" src=\"https:\/\/www.nutcats.fr\/wp-content\/uploads\/2021\/12\/MEDLEY-NUTCATS.mp3?_=1\" \/><a href=\"https:\/\/www.nutcats.fr\/wp-content\/uploads\/2021\/12\/MEDLEY-NUTCATS.mp3\">https:\/\/www.nutcats.fr\/wp-content\/uploads\/2021\/12\/MEDLEY-NUTCATS.mp3<\/a><\/audio>\t\t<\/div>\n\t\t\t\t<\/div>\n\t\t\t\t\t<\/div>\n\t\t<\/div>\n\t\t\t\t\t\t\t<\/div>\n\t\t<\/section>\n\t\t\t\t<section class=\"elementor-section elementor-top-section elementor-element elementor-element-40935f2 elementor-section-boxed elementor-section-height-default elementor-section-height-default\" data-id=\"40935f2\" data-element_type=\"section\">\n\t\t\t\t\t\t<div class=\"elementor-container elementor-column-gap-default\">\n\t\t\t\t\t<div class=\"elementor-column elementor-col-100 elementor-top-column elementor-element elementor-element-ee20b4e\" data-id=\"ee20b4e\" data-element_type=\"column\">\n\t\t\t<div class=\"elementor-widget-wrap elementor-element-populated\">\n\t\t\t\t\t\t\t\t<div class=\"elementor-element elementor-element-7f8fbda elementor-widget elementor-widget-text-editor\" data-id=\"7f8fbda\" data-element_type=\"widget\" data-widget_type=\"text-editor.default\">\n\t\t\t\t<div class=\"elementor-widget-container\">\n\t\t\t<style>\/*! elementor - v3.11.5 - 14-03-2023 *\/\n.elementor-widget-text-editor.elementor-drop-cap-view-stacked .elementor-drop-cap{background-color:#818a91;color:#fff}.elementor-widget-text-editor.elementor-drop-cap-view-framed .elementor-drop-cap{color:#818a91;border:3px solid;background-color:transparent}.elementor-widget-text-editor:not(.elementor-drop-cap-view-default) .elementor-drop-cap{margin-top:8px}.elementor-widget-text-editor:not(.elementor-drop-cap-view-default) .elementor-drop-cap-letter{width:1em;height:1em}.elementor-widget-text-editor .elementor-drop-cap{float:left;text-align:center;line-height:1;font-size:50px}.elementor-widget-text-editor .elementor-drop-cap-letter{display:inline-block}<\/style>\t\t\t\t<p>The NutCats est un power trio qui rend hommage aux musiques des ann\u00e9es 50 et 60 : le Rock&rsquo;n&rsquo;Roll, le Rockabilly et la Surf Music.<\/p><p>Il est form\u00e9 de Mario Cimenti \u00e0 la batterie et au chant, Olivier Aude \u00e0 la guitare et Olivier Soubeyran \u00e0 la basse et \u00e0 la contrebasse.<\/p><p><span style=\"color: var( --e-global-color-text ); font-family: var( --e-global-typography-text-font-family ), Sans-serif; font-weight: var( --e-global-typography-text-font-weight ); font-size: 1.125rem;\">Tous trois, musiciens professionnels et amis de longue date, ont d\u00e9j\u00e0 crois\u00e9 le fer dans divers contextes (jazz, pop, vari\u00e9t\u00e9s, rock&#8230;).<\/span><\/p><p>Ils avaient depuis longtemps envie d&rsquo;effectuer un retour cr\u00e9atif aux sources de leurs musiques pr\u00e9f\u00e9r\u00e9es, avec le d\u00e9sir ardent de partager dans un esprit festif leur amour pour le bon vieux son du Rock&rsquo;n&rsquo;Roll des 50&rsquo;s et 60&rsquo;s.<\/p><p><span style=\"color: var( --e-global-color-text ); font-family: var( --e-global-typography-text-font-family ), Sans-serif; font-weight: var( --e-global-typography-text-font-weight ); font-size: 1.125rem;\">Alors n&rsquo;h\u00e9sitez plus \u00e0 mettre le feu avec la folie des NutCats !<\/span><\/p><p>\u00a0<\/p>\t\t\t\t\t\t<\/div>\n\t\t\t\t<\/div>\n\t\t\t\t\t<\/div>\n\t\t<\/div>\n\t\t\t\t\t\t\t<\/div>\n\t\t<\/section>\n\t\t\t\t<section class=\"elementor-section elementor-top-section elementor-element elementor-element-1d10c9b elementor-section-boxed elementor-section-height-default elementor-section-height-default\" data-id=\"1d10c9b\" data-element_type=\"section\">\n\t\t\t\t\t\t<div class=\"elementor-container elementor-column-gap-default\">\n\t\t\t\t\t<div class=\"elementor-column elementor-col-100 elementor-top-column elementor-element elementor-element-e640576\" data-id=\"e640576\" data-element_type=\"column\">\n\t\t\t<div class=\"elementor-widget-wrap elementor-element-populated\">\n\t\t\t\t\t\t\t\t<div class=\"elementor-element elementor-element-48c80c6 elementor-widget elementor-widget-image\" data-id=\"48c80c6\" data-element_type=\"widget\" data-widget_type=\"image.default\">\n\t\t\t\t<div class=\"elementor-widget-container\">\n\t\t\t\t\t\t\t\t\t\t\t\t\t\t\t<img width=\"454\" height=\"413\" src=\"https:\/\/www.nutcats.fr\/wp-content\/uploads\/2021\/12\/trio-coupe-2.jpg\" class=\"attachment-large size-large wp-image-173\" alt=\"\" loading=\"lazy\" srcset=\"https:\/\/www.nutcats.fr\/wp-content\/uploads\/2021\/12\/trio-coupe-2.jpg 454w, https:\/\/www.nutcats.fr\/wp-content\/uploads\/2021\/12\/trio-coupe-2-300x273.jpg 300w\" sizes=\"(max-width: 454px) 100vw, 454px\" \/>\t\t\t\t\t\t\t\t\t\t\t\t\t\t\t<\/div>\n\t\t\t\t<\/div>\n\t\t\t\t\t<\/div>\n\t\t<\/div>\n\t\t\t\t\t\t\t<\/div>\n\t\t<\/section>\n\t\t\t\t<section class=\"elementor-section elementor-top-section elementor-element elementor-element-a8cb571 elementor-section-boxed elementor-section-height-default elementor-section-height-default\" data-id=\"a8cb571\" data-element_type=\"section\">\n\t\t\t\t\t\t<div class=\"elementor-container elementor-column-gap-default\">\n\t\t\t\t\t<div class=\"elementor-column elementor-col-50 elementor-top-column elementor-element elementor-element-cdf4eff\" data-id=\"cdf4eff\" data-element_type=\"column\">\n\t\t\t<div class=\"elementor-widget-wrap elementor-element-populated\">\n\t\t\t\t\t\t\t\t<div class=\"elementor-element elementor-element-3fe9d13 elementor-absolute elementor-view-default elementor-widget elementor-widget-icon\" data-id=\"3fe9d13\" data-element_type=\"widget\" data-settings=\"{&quot;_position&quot;:&quot;absolute&quot;}\" data-widget_type=\"icon.default\">\n\t\t\t\t<div class=\"elementor-widget-container\">\n\t\t\t\t\t<div class=\"elementor-icon-wrapper\">\n\t\t\t<a class=\"elementor-icon\" href=\"https:\/\/www.facebook.com\/Nutcats-104783848749270\/videos\/?ref=page_internal\">\n\t\t\t<i aria-hidden=\"true\" class=\"fab fa-facebook\"><\/i>\t\t\t<\/a>\n\t\t<\/div>\n\t\t\t\t<\/div>\n\t\t\t\t<\/div>\n\t\t\t\t\t<\/div>\n\t\t<\/div>\n\t\t\t\t<div class=\"elementor-column elementor-col-50 elementor-top-column elementor-element elementor-element-758d7c2\" data-id=\"758d7c2\" data-element_type=\"column\">\n\t\t\t<div class=\"elementor-widget-wrap elementor-element-populated\">\n\t\t\t\t\t\t\t\t<div class=\"elementor-element elementor-element-d86f8cb elementor-absolute elementor-view-default elementor-widget elementor-widget-icon\" data-id=\"d86f8cb\" data-element_type=\"widget\" data-settings=\"{&quot;_position&quot;:&quot;absolute&quot;}\" data-widget_type=\"icon.default\">\n\t\t\t\t<div class=\"elementor-widget-container\">\n\t\t\t\t\t<div class=\"elementor-icon-wrapper\">\n\t\t\t<div class=\"elementor-icon\">\n\t\t\t<i aria-hidden=\"true\" class=\"fab fa-instagram\"><\/i>\t\t\t<\/div>\n\t\t<\/div>\n\t\t\t\t<\/div>\n\t\t\t\t<\/div>\n\t\t\t\t\t<\/div>\n\t\t<\/div>\n\t\t\t\t\t\t\t<\/div>\n\t\t<\/section>\n\t\t\t\t\t\t\t<\/div>\n\t\t","protected":false},"excerpt":{"rendered":"<p>The NutCats est un power trio qui rend hommage aux musiques des ann\u00e9es 50 et 60 : le Rock&rsquo;n&rsquo;Roll, le<\/p>\n<p><span class=\"more-link\"><a href=\"https:\/\/www.nutcats.fr\/\" class=\"readmore\">Continue reading<span class=\"screen-reader-text\">ACCUEIL<\/span><\/a><\/span><\/p>\n","protected":false},"author":1,"featured_media":0,"parent":0,"menu_order":0,"comment_status":"closed","ping_status":"closed","template":"templates\/full-width-page.php","meta":[],"_links":{"self":[{"href":"https:\/\/www.nutcats.fr\/index.php\/wp-json\/wp\/v2\/pages\/19"}],"collection":[{"href":"https:\/\/www.nutcats.fr\/index.php\/wp-json\/wp\/v2\/pages"}],"about":[{"href":"https:\/\/www.nutcats.fr\/index.php\/wp-json\/wp\/v2\/types\/page"}],"author":[{"embeddable":true,"href":"https:\/\/www.nutcats.fr\/index.php\/wp-json\/wp\/v2\/users\/1"}],"replies":[{"embeddable":true,"href":"https:\/\/www.nutcats.fr\/index.php\/wp-json\/wp\/v2\/comments?post=19"}],"version-history":[{"count":120,"href":"https:\/\/www.nutcats.fr\/index.php\/wp-json\/wp\/v2\/pages\/19\/revisions"}],"predecessor-version":[{"id":312,"href":"https:\/\/www.nutcats.fr\/index.php\/wp-json\/wp\/v2\/pages\/19\/revisions\/312"}],"wp:attachment":[{"href":"https:\/\/www.nutcats.fr\/index.php\/wp-json\/wp\/v2\/media?parent=19"}],"curies":[{"name":"wp","href":"https:\/\/api.w.org\/{rel}","templated":true}]}}